{"id":221,"date":"2025-10-22T15:38:11","date_gmt":"2025-10-22T15:38:11","guid":{"rendered":"https:\/\/bugoasansor.com\/?page_id=221"},"modified":"2025-10-22T16:06:40","modified_gmt":"2025-10-22T16:06:40","slug":"blog","status":"publish","type":"page","link":"https:\/\/bugoasansor.com\/index.php\/blog\/","title":{"rendered":"Blog"},"content":{"rendered":"<style>.elementor-221 .elementor-element.elementor-element-da6d3f8{--display:flex;--flex-direction:column;--container-widget-width:100%;--container-widget-height:initial;--container-widget-flex-grow:0;--container-widget-align-self:initial;--flex-wrap-mobile:wrap;--overlay-opacity:0.5;--padding-top:100px;--padding-bottom:100px;--padding-left:0px;--padding-right:0px;}.elementor-221 .elementor-element.elementor-element-da6d3f8:not(.elementor-motion-effects-element-type-background), .elementor-221 .elementor-element.elementor-element-da6d3f8 > .elementor-motion-effects-container > .elementor-motion-effects-layer{background-color:var( --e-global-color-524d1fe );background-image:url(\"https:\/\/bugoasansor.com\/wp-content\/uploads\/2025\/10\/Image_fx-48.jpg\");background-position:center center;}.elementor-221 .elementor-element.elementor-element-da6d3f8::before, .elementor-221 .elementor-element.elementor-element-da6d3f8 > .elementor-background-video-container::before, .elementor-221 .elementor-element.elementor-element-da6d3f8 > .e-con-inner > .elementor-background-video-container::before, .elementor-221 .elementor-element.elementor-element-da6d3f8 > .elementor-background-slideshow::before, .elementor-221 .elementor-element.elementor-element-da6d3f8 > .e-con-inner > .elementor-background-slideshow::before, .elementor-221 .elementor-element.elementor-element-da6d3f8 > .elementor-motion-effects-container > .elementor-motion-effects-layer::before{background-color:#000000;--background-overlay:'';}.elementor-221 .elementor-element.elementor-element-734d56b{--display:flex;--flex-direction:row;--container-widget-width:initial;--container-widget-height:100%;--container-widget-flex-grow:1;--container-widget-align-self:stretch;--flex-wrap-mobile:wrap;--justify-content:center;--padding-top:0px;--padding-bottom:0px;--padding-left:0px;--padding-right:0px;}.elementor-221 .elementor-element.elementor-element-aa628c0 .elementor-heading-title{font-family:var( --e-global-typography-a125340-font-family ), Sans-serif;font-size:var( --e-global-typography-a125340-font-size );font-weight:var( --e-global-typography-a125340-font-weight );line-height:var( --e-global-typography-a125340-line-height );color:#E6E6E6;}.elementor-221 .elementor-element.elementor-element-b79b096{--display:flex;--flex-direction:column;--container-widget-width:100%;--container-widget-height:initial;--container-widget-flex-grow:0;--container-widget-align-self:initial;--flex-wrap-mobile:wrap;--margin-top:20px;--margin-bottom:100px;--margin-left:0px;--margin-right:0px;}.elementor-221 .elementor-element.elementor-element-2d9d58a .jeg-elementor-kit.jkit-postblock .jkit-readmore{background-color:var( --e-global-color-a04d0a3 );text-decoration:none;color:#FFFFFF;}.elementor-221 .elementor-element.elementor-element-2d9d58a .jeg-elementor-kit.jkit-postblock .jkit-posts{grid-template-columns:repeat(1, minmax(0, 1fr));grid-column-gap:40px;}.elementor-221 .elementor-element.elementor-element-2d9d58a .jeg-elementor-kit.jkit-postblock .jkit-thumb .thumbnail-container{height:300px;}.elementor-221 .elementor-element.elementor-element-2d9d58a .jeg-elementor-kit.jkit-postblock .jkit-postblock-content{text-align:left;}.elementor-221 .elementor-element.elementor-element-2d9d58a .jeg-elementor-kit.jkit-postblock .jkit-post-category span a, .elementor-221 .elementor-element.elementor-element-2d9d58a .jeg-elementor-kit.jkit-postblock.postblock-type-3 .jkit-post-category span a{text-transform:capitalize;text-decoration:none;}.elementor-221 .elementor-element.elementor-element-2d9d58a .jeg-elementor-kit.jkit-postblock .jkit-post-category a{color:var( --e-global-color-a04d0a3 );}.elementor-221 .elementor-element.elementor-element-2d9d58a .jeg-elementor-kit.jkit-postblock.postblock-type-2 .jkit-post-category a{color:var( --e-global-color-a04d0a3 );}.elementor-221 .elementor-element.elementor-element-2d9d58a .jeg-elementor-kit.jkit-postblock.postblock-type-5 .jkit-post-category a{color:var( --e-global-color-a04d0a3 );}.elementor-221 .elementor-element.elementor-element-2d9d58a .jeg-elementor-kit.jkit-postblock .jkit-post-title a, .elementor-221 .elementor-element.elementor-element-2d9d58a .jeg-elementor-kit.jkit-postblock.postblock-type-4 .jkit-post-title a{text-decoration:none;}.elementor-221 .elementor-element.elementor-element-2d9d58a .jeg-elementor-kit.jkit-postblock .jkit-post-title a{color:#F07C00;}.elementor-221 .elementor-element.elementor-element-2d9d58a .jeg-elementor-kit.jkit-postblock .jkit-meta-readmore.icon-position-before i, .elementor-221 .elementor-element.elementor-element-2d9d58a .jeg-elementor-kit.jkit-postblock .jkit-meta-readmore.icon-position-before svg{margin-right:5px;}.elementor-221 .elementor-element.elementor-element-2d9d58a .jeg-elementor-kit.jkit-postblock .jkit-meta-readmore.icon-position-after i, .elementor-221 .elementor-element.elementor-element-2d9d58a .jeg-elementor-kit.jkit-postblock .jkit-meta-readmore.icon-position-after svg{margin-left:5px;}.elementor-221 .elementor-element.elementor-element-2d9d58a .jeg-elementor-kit.jkit-postblock .jkit-readmore svg{fill:#FFFFFF;}.elementor-221 .elementor-element.elementor-element-2d9d58a .jeg-elementor-kit.jkit-postblock .jkit-meta-author.icon-position-before i, .elementor-221 .elementor-element.elementor-element-2d9d58a .jeg-elementor-kit.jkit-postblock .jkit-meta-author.icon-position-before svg{margin-right:5px;}.elementor-221 .elementor-element.elementor-element-2d9d58a .jeg-elementor-kit.jkit-postblock .jkit-meta-author.icon-position-after i, .elementor-221 .elementor-element.elementor-element-2d9d58a .jeg-elementor-kit.jkit-postblock .jkit-meta-author.icon-position-after svg{margin-left:5px;}.elementor-221 .elementor-element.elementor-element-2d9d58a .jeg-elementor-kit.jkit-postblock .jkit-meta-date.icon-position-before i, .elementor-221 .elementor-element.elementor-element-2d9d58a .jeg-elementor-kit.jkit-postblock .jkit-meta-date.icon-position-before svg{margin-right:5px;}.elementor-221 .elementor-element.elementor-element-2d9d58a .jeg-elementor-kit.jkit-postblock .jkit-meta-date.icon-position-after i, .elementor-221 .elementor-element.elementor-element-2d9d58a .jeg-elementor-kit.jkit-postblock .jkit-meta-date.icon-position-after svg{margin-left:5px;}.elementor-221 .elementor-element.elementor-element-2d9d58a .jeg-elementor-kit.jkit-postblock .jkit-post-meta-bottom{justify-content:space-between;}.elementor-221 .elementor-element.elementor-element-2d9d58a .jeg-elementor-kit.jkit-postblock .jeg_empty_module{text-align:left;}:root{--page-title-display:none;}@media(max-width:1024px){.elementor-221 .elementor-element.elementor-element-da6d3f8{--padding-top:40px;--padding-bottom:40px;--padding-left:40px;--padding-right:40px;}.elementor-221 .elementor-element.elementor-element-aa628c0 .elementor-heading-title{font-size:var( --e-global-typography-a125340-font-size );line-height:var( --e-global-typography-a125340-line-height );}.elementor-221 .elementor-element.elementor-element-2d9d58a .jeg-elementor-kit.jkit-postblock .jkit-posts{grid-template-columns:repeat(1, minmax(0, 1fr));}}@media(max-width:767px){.elementor-221 .elementor-element.elementor-element-da6d3f8{--padding-top:100px;--padding-bottom:100px;--padding-left:0px;--padding-right:0px;}.elementor-221 .elementor-element.elementor-element-aa628c0 .elementor-heading-title{font-size:var( --e-global-typography-a125340-font-size );line-height:var( --e-global-typography-a125340-line-height );}}@media (max-width: 1024px) {.elementor-element.elementor-element-2d9d58a .jeg-elementor-kit.jkit-postblock.postblock-type-1 .jkit-post { display: block; -webkit-box-align: stretch; -ms-flex-align: stretch; align-items: stretch; } }@media (max-width: 1024px) {.elementor-element.elementor-element-2d9d58a .jeg-elementor-kit.jkit-postblock.postblock-type-1 .jkit-thumb { -webkit-box-flex: 1; -ms-flex: 1 0 auto; flex: 1 0 auto; max-width: 100%; } }<\/style>\t\t<div data-elementor-type=\"wp-page\" data-elementor-id=\"221\" class=\"elementor elementor-221\" data-elementor-settings=\"{&quot;ha_cmc_init_switcher&quot;:&quot;no&quot;}\" data-elementor-post-type=\"page\">\n\t\t\t\t<div class=\"elementor-element elementor-element-da6d3f8 e-flex e-con-boxed e-con e-parent\" data-id=\"da6d3f8\" data-element_type=\"container\" data-settings=\"{&quot;background_background&quot;:&quot;classic&quot;,&quot;_ha_eqh_enable&quot;:false}\">\n\t\t\t\t\t<div class=\"e-con-inner\">\n\t\t<div class=\"elementor-element elementor-element-734d56b e-con-full e-flex e-con e-child\" data-id=\"734d56b\" data-element_type=\"container\" data-settings=\"{&quot;_ha_eqh_enable&quot;:false}\">\n\t\t\t\t<div class=\"elementor-element elementor-element-aa628c0 elementor-widget elementor-widget-heading\" data-id=\"aa628c0\" data-element_type=\"widget\" data-widget_type=\"heading.default\">\n\t\t\t\t\t<h2 class=\"elementor-heading-title elementor-size-default\">Blog<\/h2>\t\t\t\t<\/div>\n\t\t\t\t<\/div>\n\t\t\t\t\t<\/div>\n\t\t\t\t<\/div>\n\t\t<div class=\"elementor-element elementor-element-b79b096 e-flex e-con-boxed e-con e-parent\" data-id=\"b79b096\" data-element_type=\"container\" data-settings=\"{&quot;_ha_eqh_enable&quot;:false}\">\n\t\t\t\t\t<div class=\"e-con-inner\">\n\t\t\t\t<div class=\"elementor-element elementor-element-2d9d58a elementor-widget elementor-widget-jkit_post_block\" data-id=\"2d9d58a\" data-element_type=\"widget\" data-widget_type=\"jkit_post_block.default\">\n\t\t\t\t\t<div  class=\"jeg-elementor-kit jkit-postblock postblock-type-1 jkit-pagination-disable post-element jeg_module___69fb0de47ecfc\"  data-id=\"jeg_module___69fb0de47ecfc\" data-settings=\"{&quot;post_type&quot;:&quot;post&quot;,&quot;number_post&quot;:{&quot;unit&quot;:&quot;px&quot;,&quot;size&quot;:3,&quot;sizes&quot;:[]},&quot;post_offset&quot;:0,&quot;unique_content&quot;:&quot;disable&quot;,&quot;include_post&quot;:&quot;&quot;,&quot;exclude_post&quot;:&quot;&quot;,&quot;include_category&quot;:&quot;&quot;,&quot;exclude_category&quot;:&quot;&quot;,&quot;include_author&quot;:&quot;&quot;,&quot;include_tag&quot;:&quot;&quot;,&quot;exclude_tag&quot;:&quot;&quot;,&quot;sort_by&quot;:&quot;latest&quot;,&quot;pagination_mode&quot;:&quot;disable&quot;,&quot;pagination_loadmore_text&quot;:&quot;Load More&quot;,&quot;pagination_loading_text&quot;:&quot;Loading...&quot;,&quot;pagination_number_post&quot;:{&quot;unit&quot;:&quot;px&quot;,&quot;size&quot;:3,&quot;sizes&quot;:[]},&quot;pagination_scroll_limit&quot;:0,&quot;pagination_icon&quot;:{&quot;value&quot;:&quot;&quot;,&quot;library&quot;:&quot;&quot;},&quot;pagination_icon_position&quot;:&quot;before&quot;,&quot;st_category_position&quot;:&quot;center&quot;,&quot;sg_content_postblock_type&quot;:&quot;type-1&quot;,&quot;sg_content_element_order&quot;:&quot;title,excerpt,read&quot;,&quot;sg_content_breakpoint&quot;:&quot;tablet&quot;,&quot;sg_content_title_html_tag&quot;:&quot;h3&quot;,&quot;sg_content_category_enable&quot;:&quot;yes&quot;,&quot;sg_content_excerpt_enable&quot;:&quot;yes&quot;,&quot;sg_content_excerpt_length&quot;:{&quot;unit&quot;:&quot;px&quot;,&quot;size&quot;:20,&quot;sizes&quot;:[]},&quot;sg_content_excerpt_more&quot;:&quot;...&quot;,&quot;sg_content_readmore_enable&quot;:&quot;yes&quot;,&quot;sg_content_readmore_icon&quot;:{&quot;value&quot;:&quot;&quot;,&quot;library&quot;:&quot;&quot;},&quot;sg_content_readmore_icon_position&quot;:&quot;after&quot;,&quot;sg_content_readmore_text&quot;:&quot;Devam\\u0131n\\u0131 Oku&quot;,&quot;sg_content_comment_enable&quot;:&quot;&quot;,&quot;sg_content_comment_icon&quot;:{&quot;value&quot;:&quot;fas fa-comment&quot;,&quot;library&quot;:&quot;fa-solid&quot;},&quot;sg_content_comment_icon_position&quot;:&quot;before&quot;,&quot;sg_content_meta_enable&quot;:&quot;yes&quot;,&quot;sg_content_meta_author_enable&quot;:&quot;yes&quot;,&quot;sg_content_meta_author_by_text&quot;:&quot;by&quot;,&quot;sg_content_meta_author_icon&quot;:{&quot;value&quot;:&quot;fas fa-user&quot;,&quot;library&quot;:&quot;fa-solid&quot;},&quot;sg_content_meta_author_icon_position&quot;:&quot;before&quot;,&quot;sg_content_meta_date_enable&quot;:&quot;yes&quot;,&quot;sg_content_meta_date_type&quot;:&quot;published&quot;,&quot;sg_content_meta_date_format&quot;:&quot;default&quot;,&quot;sg_content_meta_date_format_custom&quot;:&quot;F j, Y&quot;,&quot;sg_content_meta_date_icon&quot;:{&quot;value&quot;:&quot;fas fa-clock&quot;,&quot;library&quot;:&quot;fa-solid&quot;},&quot;sg_content_meta_date_icon_position&quot;:&quot;before&quot;,&quot;sg_content_image_size_imagesize_size&quot;:&quot;full&quot;,&quot;paged&quot;:1,&quot;class&quot;:&quot;jkit_post_block&quot;}\"><div class=\"jkit-block-container\"><div class=\"jkit-posts jkit-ajax-flag\">\n            <article class=\"jkit-post post-230 post type-post status-publish format-standard has-post-thumbnail hentry category-blog\">\n                    <div class=\"jkit-thumb\"><a aria-label=\"Asans\u00f6r G\u00fcvenli\u011fi: Dikkat Edilmesi Gereken 7 \u00d6nemli Nokta\" href=\"https:\/\/bugoasansor.com\/index.php\/2025\/10\/22\/asansor-guvenligi-dikkat-edilmesi-gereken-7-onemli-nokta\/\"><div class=\"thumbnail-container \">\n            <img loading=\"lazy\" decoding=\"async\" width=\"1280\" height=\"720\" src=\"https:\/\/bugoasansor.com\/wp-content\/uploads\/2025\/10\/bitlis-te-asansor-guvenligi-al_1750929192_ZhwOKI.webp\" class=\"attachment-full size-full wp-post-image\" alt=\"\" loading=\"lazy\" srcset=\"https:\/\/bugoasansor.com\/wp-content\/uploads\/2025\/10\/bitlis-te-asansor-guvenligi-al_1750929192_ZhwOKI.webp 1280w, https:\/\/bugoasansor.com\/wp-content\/uploads\/2025\/10\/bitlis-te-asansor-guvenligi-al_1750929192_ZhwOKI-300x169.webp 300w, https:\/\/bugoasansor.com\/wp-content\/uploads\/2025\/10\/bitlis-te-asansor-guvenligi-al_1750929192_ZhwOKI-1024x576.webp 1024w, https:\/\/bugoasansor.com\/wp-content\/uploads\/2025\/10\/bitlis-te-asansor-guvenligi-al_1750929192_ZhwOKI-768x432.webp 768w, https:\/\/bugoasansor.com\/wp-content\/uploads\/2025\/10\/bitlis-te-asansor-guvenligi-al_1750929192_ZhwOKI-200x113.webp 200w\" sizes=\"auto, (max-width: 1280px) 100vw, 1280px\" \/>\n        <\/div><\/a><\/div>\n                    <div class=\"jkit-postblock-content\"><div class=\"jkit-post-category \"><span><a href=\"https:\/\/bugoasansor.com\/index.php\/category\/blog\/\" class=\"category-blog\">blog<\/a><\/span><\/div><h3 class=\"jkit-post-title\">\n\t\t\t\t\t\t\t<a href=\"https:\/\/bugoasansor.com\/index.php\/2025\/10\/22\/asansor-guvenligi-dikkat-edilmesi-gereken-7-onemli-nokta\/\">Asans\u00f6r G\u00fcvenli\u011fi: Dikkat Edilmesi Gereken 7 \u00d6nemli Nokta<\/a>\n\t\t\t\t\t\t<\/h3><div class=\"jkit-post-excerpt\"><p>G\u00fcnl\u00fck hayat\u0131m\u0131z\u0131n ayr\u0131lmaz par\u00e7as\u0131 olan asans\u00f6rler, do\u011fru kullan\u0131ld\u0131\u011f\u0131nda olduk\u00e7a g\u00fcvenli ula\u015f\u0131m ara\u00e7lar\u0131d\u0131r. Ancak baz\u0131 temel kurallara dikkat etmek hem g\u00fcvenli\u011finizi...<\/p><\/div><div class=\"jkit-post-meta-bottom\">\n\t\t\t\t\t\t\t<div class=\"jkit-meta-readmore icon-position-after\">\n                <a title=\"Asans\u00f6r G\u00fcvenli\u011fi: Dikkat Edilmesi Gereken 7 \u00d6nemli Nokta\" href=\"https:\/\/bugoasansor.com\/index.php\/2025\/10\/22\/asansor-guvenligi-dikkat-edilmesi-gereken-7-onemli-nokta\/\" class=\"jkit-readmore\">Devam\u0131n\u0131 Oku<\/a>\n            <\/div>\n\t\t\t\t\t\t<\/div><\/div>\n                <\/article>\n        <\/div><\/div><\/div>\t\t\t\t<\/div>\n\t\t\t\t\t<\/div>\n\t\t\t\t<\/div>\n\t\t\t\t<\/div>\n\t\t","protected":false},"excerpt":{"rendered":"<p>Blog edit post blog Asans\u00f6r G\u00fcvenli\u011fi: Dikkat Edilmesi Gereken 7 \u00d6nemli Nokta G\u00fcnl\u00fck hayat\u0131m\u0131z\u0131n ayr\u0131lmaz par\u00e7as\u0131 olan asans\u00f6rler, do\u011fru kullan\u0131ld\u0131\u011f\u0131nda olduk\u00e7a g\u00fcvenli ula\u015f\u0131m ara\u00e7lar\u0131d\u0131r. Ancak baz\u0131 temel kurallara dikkat etmek hem g\u00fcvenli\u011finizi&#8230; Devam\u0131n\u0131 Oku<\/p>\n","protected":false},"author":1,"featured_media":0,"parent":0,"menu_order":0,"comment_status":"closed","ping_status":"closed","template":"","meta":{"footnotes":""},"class_list":["post-221","page","type-page","status-publish","hentry"],"_links":{"self":[{"href":"https:\/\/bugoasansor.com\/index.php\/wp-json\/wp\/v2\/pages\/221","targetHints":{"allow":["GET"]}}],"collection":[{"href":"https:\/\/bugoasansor.com\/index.php\/wp-json\/wp\/v2\/pages"}],"about":[{"href":"https:\/\/bugoasansor.com\/index.php\/wp-json\/wp\/v2\/types\/page"}],"author":[{"embeddable":true,"href":"https:\/\/bugoasansor.com\/index.php\/wp-json\/wp\/v2\/users\/1"}],"replies":[{"embeddable":true,"href":"https:\/\/bugoasansor.com\/index.php\/wp-json\/wp\/v2\/comments?post=221"}],"version-history":[{"count":19,"href":"https:\/\/bugoasansor.com\/index.php\/wp-json\/wp\/v2\/pages\/221\/revisions"}],"predecessor-version":[{"id":249,"href":"https:\/\/bugoasansor.com\/index.php\/wp-json\/wp\/v2\/pages\/221\/revisions\/249"}],"wp:attachment":[{"href":"https:\/\/bugoasansor.com\/index.php\/wp-json\/wp\/v2\/media?parent=221"}],"curies":[{"name":"wp","href":"https:\/\/api.w.org\/{rel}","templated":true}]}}